{"id":50,"date":"2014-04-15T05:57:22","date_gmt":"2014-04-15T03:57:22","guid":{"rendered":"http:\/\/bestbuddies.de\/?page_id=50"},"modified":"2022-02-14T16:19:21","modified_gmt":"2022-02-14T15:19:21","slug":"impressum","status":"publish","type":"page","link":"http:\/\/bestbuddies.de\/?page_id=50","title":{"rendered":"Impressum"},"content":{"rendered":"<div id=\"AppleMailSignature\">\n<div>\n<div>\n<div><span style=\"font-weight: bold; color: #333333;\">Herausgeber, Konzeption und verantwortlich f\u00fcr den Inhalt:<\/span><\/div>\n<div>Best Buddies Deutschland e.V. iG<\/div>\n<\/div>\n<div>\n<div><\/div>\n<div>Ockersh\u00e4user Allee 17<\/div>\n<div>\n<p>35037 Marburg<\/p>\n<div>06421-1689258<\/div>\n<div>www.bestbuddies.de<\/div>\n<div><a href=\"m&#x61;&#x69;l&#x74;&#x6f;:&#x69;&#x6e;f&#x6f;&#x40;b&#x65;&#x73;t&#x62;&#x75;d&#x64;&#x69;e&#x73;&#x2e;d&#x65;\">i&#110;&#x66;&#x6f;&#x40;b&#101;&#x73;&#x74;&#x62;u&#100;&#x64;&#x69;&#x65;s&#46;&#x64;&#x65;<\/a><\/div>\n<div><span class=\"Apple-style-span\"><span style=\"font-size: xx-small;\">\u00a0<\/span><\/span><\/div>\n<div><span class=\"Apple-style-span\"><span style=\"font-size: xx-small;\">\u00a0<\/span><\/span><\/div>\n<\/div>\n<div>\n<div>\n<p style=\"color: #333333;\"><span style=\"font-weight: bold;\">Nutzungsbedingungen:<\/span><\/p>\n<p style=\"color: #333333;\">Bitte haben Sie Verst\u00e4ndnis daf\u00fcr, dass wir aufgrund der vielf\u00e4ltigen M\u00f6glichkeiten und Risiken, die das Internet bietet, zu Ihrem und unserem Schutz einige Rahmenbedingungen zur Nutzung unserer Website aufstellen m\u00fcssen, die wir Sie bitten, zu beachten.<\/p>\n<p style=\"color: #333333;\">1. Aktualisierung dieser Nutzungsbedingungen<\/p>\n<p style=\"color: #333333;\">Aufgrund der sich st\u00e4ndigen \u00e4ndernden technischen und rechtlichen Neuerungen m\u00fcssen wir die nachstehenden Nutzungsbedingungen von Zeit zu Zeit aktualisieren. Sehen Sie daher bitte vor jeder Nutzung unserer Website nach, wann die letzte Neufassung auf die Website gestellt wurde. Die j\u00fcngste Aktualisierung erfolgte im Mai 2014.<\/p>\n<p style=\"color: #333333;\">2. Urheber- und andere Schutzrechte<\/p>\n<p style=\"color: #333333;\">S\u00e4mtliche Inhalte unserer Website, einschlie\u00dflich der Texte, Bilder, graphische Darstellungen, Audio- und Videodateien sind &#8211; soweit dies nicht ausdr\u00fccklich anders vermerkt ist &#8211; unser Eigentum und d\u00fcrfen ohne unsere vorherige schriftliche Zustimmung nicht f\u00fcr \u00f6ffentliche oder gewerbliche Zwecke vervielf\u00e4ltigt, ver\u00e4ndert, \u00fcbertragen, wiederverwendet, neu bereitgestellt, verwertet oder auf sonstige Weise benutzt werden. Wir weisen darauf hin, dass eine Verletzung unserer Urheber- oder sonstigen Schutzrechte zivil- und\/oder strafrechtliche Konsequenzen nach sich ziehen kann.<\/p>\n<p style=\"color: #333333;\">3. Haftungsausschluss<\/p>\n<p style=\"color: #333333;\">Auf dieser Website befinden sich Hyperlinks zu Websites anderer Anbieter. Best Buddies Deutschland run by spectrum e.V. \u00fcbernimmt keine Gew\u00e4hr oder Haftung f\u00fcr eventuell rechtswidrige Inhalte oder sonstige Rechtsverletzungen auf Websites fremder Anbieter. Die Informationen auf dieser Website wurden mit aller Sorgfalt zusammengestellt und \u00fcberpr\u00fcft. Dennoch k\u00f6nnen wir f\u00fcr ihre Aktualit\u00e4t, Richtigkeit, Vollst\u00e4ndigkeit und\/oder Qualit\u00e4t keinerlei Verantwortung \u00fcbernehmen. Die Benutzung dieser Website und das Herunterladen von Daten erfolgt auf eigene Gefahr. Best Buddies Deutschland run by spectrum e.V.\u00a0\u00a0\u00fcbernimmt keine Verantwortung f\u00fcr hieraus entstehende Sch\u00e4den, insbesondere an Datenbest\u00e4nden, Hard- und\/oder Software des Benutzers.<\/p>\n<p style=\"color: #333333;\">4. Sonstiges<\/p>\n<p style=\"color: #333333;\">Sollte eine der Bestimmungen unwirksam sein oder werden, so soll davon die G\u00fcltigkeit der \u00fcbrigen Bestimmungen nicht ber\u00fchrt werden. An die Stelle der unwirksamen Bestimmung tritt eine solche, die in zul\u00e4ssiger Weise den Interessen der Parteien am ehesten gerecht wird.<\/p>\n<\/div>\n<\/div>\n<\/div>\n<\/div>\n<p>&nbsp;<\/p>\n<\/div>\n","protected":false},"excerpt":{"rendered":"<p>Herausgeber, Konzeption und verantwortlich f\u00fcr den Inhalt: Best Buddies Deutschland e.V. iG Ockersh\u00e4user Allee 17 35037 Marburg 06421-1689258 www.bestbuddies.de &#105;n&#x66;o&#x40;b&#x65;&#115;&#x74;&#98;u&#x64;d&#x69;e&#x73;.&#x64;&#101; \u00a0 \u00a0 Nutzungsbedingungen: Bitte haben Sie Verst\u00e4ndnis daf\u00fcr, dass wir aufgrund der vielf\u00e4ltigen M\u00f6glichkeiten und Risiken, die das Internet bietet, zu Ihrem und unserem Schutz einige Rahmenbedingungen zur Nutzung unserer Website aufstellen m\u00fcssen, die wir &hellip; <a href=\"http:\/\/bestbuddies.de\/?page_id=50\" class=\"more-link\"><span class=\"screen-reader-text\">Impressum<\/span> weiterlesen <span class=\"meta-nav\">&rarr;<\/span><\/a><\/p>\n","protected":false},"author":1,"featured_media":0,"parent":0,"menu_order":0,"comment_status":"closed","ping_status":"closed","template":"","meta":[],"_links":{"self":[{"href":"http:\/\/bestbuddies.de\/index.php?rest_route=\/wp\/v2\/pages\/50"}],"collection":[{"href":"http:\/\/bestbuddies.de\/index.php?rest_route=\/wp\/v2\/pages"}],"about":[{"href":"http:\/\/bestbuddies.de\/index.php?rest_route=\/wp\/v2\/types\/page"}],"author":[{"embeddable":true,"href":"http:\/\/bestbuddies.de\/index.php?rest_route=\/wp\/v2\/users\/1"}],"replies":[{"embeddable":true,"href":"http:\/\/bestbuddies.de\/index.php?rest_route=%2Fwp%2Fv2%2Fcomments&post=50"}],"version-history":[{"count":12,"href":"http:\/\/bestbuddies.de\/index.php?rest_route=\/wp\/v2\/pages\/50\/revisions"}],"predecessor-version":[{"id":438,"href":"http:\/\/bestbuddies.de\/index.php?rest_route=\/wp\/v2\/pages\/50\/revisions\/438"}],"wp:attachment":[{"href":"http:\/\/bestbuddies.de\/index.php?rest_route=%2Fwp%2Fv2%2Fmedia&parent=50"}],"curies":[{"name":"wp","href":"https:\/\/api.w.org\/{rel}","templated":true}]}}