{"id":12,"date":"2014-04-21T09:41:05","date_gmt":"2014-04-21T07:41:05","guid":{"rendered":"http:\/\/bestbuddies.de\/?page_id=12"},"modified":"2014-04-21T12:56:59","modified_gmt":"2014-04-21T10:56:59","slug":"aktivitaeten","status":"publish","type":"page","link":"https:\/\/bestbuddies.de\/?page_id=12","title":{"rendered":"\u00dcber uns"},"content":{"rendered":"<p align=\"center\">\u201eDer beste Weg, einen Freund zu haben, ist der, selbst einer zu sein.\u201c<\/p>\n<p align=\"center\">Ralph Waldo Emerson<\/p>\n<p>\u201eBest Buddies \u2013 Beste Freunde\u201c ist eine internationale Organisation, die bereits in 50 L\u00e4ndern verankert ist und sich nat\u00fcrliche und inklusive Beziehungen von geistig behinderten Menschen zum Ziel gesetzt hat. Gegr\u00fcndet 1989 von Anthony K. Shriver, dem Neffen von John F. Kennedy, erreicht Best Buddies weltweit mittlerweile fast 700.000 Menschen.<\/p>\n<p>Durch die F\u00f6rderung von Freundschaften zwischen Menschen mit und ohne Behinderung werden Sonderwelten aufgebrochen. Best Buddies ist eine lebensver\u00e4ndernde Erfahrung f\u00fcr beide Seiten. Neue Eindr\u00fccke und ein weitreichendes Verst\u00e4ndnis f\u00fcr eine inklusive Gesellschaft entstehen.<\/p>\n<p>Mitmachen k\u00f6nnen engagierte Menschen in jedem Alter. Die dadurch entstehenden Freundschaftspaare unternehmen mindestens ein Jahr lang zweimal im Monat etwas, an dem sie gemeinsam Freude haben und halten zus\u00e4tzlich zweimal im Monat den Kontakt zueinander z.B. \u00fcber Telefonate oder Nachrichten aufrecht. Sie beziehen sich gegenseitig in ihr soziales Umfeld ein.<\/p>\n<p>M\u00f6gliche Aktivit\u00e4ten sind z.B. der gemeinsame Besuch von Sport- und Kulturveranstaltungen, gemeinsame Hobbies, der Besuch von Festen oder Familienfeiern oder einfach nur ein gem\u00fctliches Beisammensein. Der Umsetzung von Ideen sind keine Grenzen gesetzt, wichtig ist der regelm\u00e4\u00dfige Kontakt und die Begegnung auf Augenh\u00f6he.<\/p>\n<p>Durch diesen regelm\u00e4\u00dfigen Kontakt entstehen Beziehungen, in der beide Seiten neue Erfahrungen machen. F\u00fcr Menschen mit Behinderung ist es oftmals der erste unkomplizierte und gleichberechtigte Umgang mit einem Menschen au\u00dferhalb der eigenen Familie.<\/p>\n<p>F\u00fcr Menschen ohne Behinderung ist es oft das Kennenlernen einer beeindruckenden Pers\u00f6nlichkeit mit besonderen F\u00e4higkeiten und der Abbau von Vorurteilen.<\/p>\n<p>Diese besondere Beziehung wird von Menschen mit Behinderung als Normalit\u00e4t, von Menschen ohne Behinderung als Bereicherung erlebt.<\/p>\n<p>Wenn wir Dein Interesse geweckt haben und Du weitere Informationen \u00fcber Best Buddies erhalten m\u00f6chtest, stehen wir Dir gerne unter der Telefonnummer 06421-16 89 258 \u00a0oder der E-Mailadresse <a href=\"&#109;&#x61;&#105;&#x6c;&#116;&#x6f;:&#x69;n&#x66;o&#x40;b&#x65;s&#x74;b&#x75;d&#x64;i&#x65;s&#46;&#x64;&#101;\">&#x69;&#x6e;&#x66;&#x6f;&#x40;&#x62;&#101;&#115;tbuddi&#x65;&#x73;&#x2e;&#x64;&#x65;<\/a> f\u00fcr weitere Fragen gerne zur Verf\u00fcgung.<\/p>\n","protected":false},"excerpt":{"rendered":"<p>\u201eDer beste Weg, einen Freund zu haben, ist der, selbst einer zu sein.\u201c Ralph Waldo Emerson \u201eBest Buddies \u2013 Beste Freunde\u201c ist eine internationale Organisation, die bereits in 50 L\u00e4ndern verankert ist und sich nat\u00fcrliche und inklusive Beziehungen von geistig behinderten Menschen zum Ziel gesetzt hat. Gegr\u00fcndet 1989 von Anthony K. Shriver, dem Neffen von &hellip; <a href=\"https:\/\/bestbuddies.de\/?page_id=12\" class=\"more-link\"><span class=\"screen-reader-text\">\u00dcber uns<\/span> weiterlesen <span class=\"meta-nav\">&rarr;<\/span><\/a><\/p>\n","protected":false},"author":1,"featured_media":160,"parent":0,"menu_order":1,"comment_status":"closed","ping_status":"closed","template":"","meta":[],"_links":{"self":[{"href":"https:\/\/bestbuddies.de\/index.php?rest_route=\/wp\/v2\/pages\/12"}],"collection":[{"href":"https:\/\/bestbuddies.de\/index.php?rest_route=\/wp\/v2\/pages"}],"about":[{"href":"https:\/\/bestbuddies.de\/index.php?rest_route=\/wp\/v2\/types\/page"}],"author":[{"embeddable":true,"href":"https:\/\/bestbuddies.de\/index.php?rest_route=\/wp\/v2\/users\/1"}],"replies":[{"embeddable":true,"href":"https:\/\/bestbuddies.de\/index.php?rest_route=%2Fwp%2Fv2%2Fcomments&post=12"}],"version-history":[{"count":8,"href":"https:\/\/bestbuddies.de\/index.php?rest_route=\/wp\/v2\/pages\/12\/revisions"}],"predecessor-version":[{"id":145,"href":"https:\/\/bestbuddies.de\/index.php?rest_route=\/wp\/v2\/pages\/12\/revisions\/145"}],"wp:featuredmedia":[{"embeddable":true,"href":"https:\/\/bestbuddies.de\/index.php?rest_route=\/wp\/v2\/media\/160"}],"wp:attachment":[{"href":"https:\/\/bestbuddies.de\/index.php?rest_route=%2Fwp%2Fv2%2Fmedia&parent=12"}],"curies":[{"name":"wp","href":"https:\/\/api.w.org\/{rel}","templated":true}]}}