{"id":313,"date":"2014-06-26T09:54:18","date_gmt":"2014-06-26T07:54:18","guid":{"rendered":"http:\/\/bestbuddies.de\/?page_id=313"},"modified":"2015-01-05T13:41:06","modified_gmt":"2015-01-05T12:41:06","slug":"inklusion","status":"publish","type":"page","link":"https:\/\/bestbuddies.de\/?page_id=313","title":{"rendered":"Inklusion"},"content":{"rendered":"<p>Definition:<\/p>\n<p><span class=\"Apple-style-span\" style=\"color: #000000;\">es sind immer wieder die Nichtfachleute mit Intelligenz, Weitblick \u00a0und gesundem \u00a0Menschenverstand, die Dinge klar und einfach auf den Punkt bringen k\u00f6nnen. \u00a0Folgende Inklusionsdefinition war in\u00a0der w\u00f6chentlichen Rubrik &#8222;Gewissensfrage&#8220; im Magazin der S\u00fcddeutschen Zeitung zu finden:<\/span><\/p>\n<p>&#8222;Ihre Frage dreht sich um Inklusion, im Grunde die Fortsetzung der Integration. W\u00e4hrend bei der Integration der Betroffene in ein bestehendes System eingef\u00fcgt wird &#8211; oder hart ausgedr\u00fcckt: sich dem System anpassen &#8211; soll, geht es bei der Inklusion darum, das System so zu ver\u00e4ndern, verbessern, dass es f\u00fcr alle in ihrer Unterschiedlichkeit m\u00f6glichst gleicherma\u00dfen geeignet ist.&#8220;<\/p>\n<p>Quelle: Dr.Dr. Rainer Erlanger, Gewissensfrage, S\u00fcddeutsche Zeitung Magazin, Nummer 18, 02.05.2014, S. 8<\/p>\n<p>So k\u00f6nnte gelebte Inklusion in der Arbeitswelt aussehen. Ein Kurzfilm zum anschauen:\u00a0<a href=\"http:\/\/www.arte.tv\/guide\/de\/054737-000\/das-vorstellungsgespraech\">http:\/\/www.arte.tv\/guide\/de\/054737-000\/das-vorstellungsgespraech<\/a><\/p>\n<p><strong>Segregation<\/strong><\/p>\n<p><a href=\"http:\/\/bestbuddies.de\/wp-content\/uploads\/2014\/05\/IMG_2204.jpg\"><img loading=\"lazy\" class=\"alignnone size-large wp-image-316\" src=\"http:\/\/bestbuddies.de\/wp-content\/uploads\/2014\/05\/IMG_2204-1024x682.jpg\" alt=\"IMG_2204\" width=\"474\" height=\"315\" srcset=\"https:\/\/bestbuddies.de\/wp-content\/uploads\/2014\/05\/IMG_2204-1024x682.jpg 1024w, https:\/\/bestbuddies.de\/wp-content\/uploads\/2014\/05\/IMG_2204-300x200.jpg 300w\" sizes=\"(max-width: 474px) 100vw, 474px\" \/><\/a><\/p>\n<p><strong>Integration\u00a0<\/strong><\/p>\n<p><a href=\"http:\/\/bestbuddies.de\/wp-content\/uploads\/2014\/05\/IMG_2136.jpg\"><img loading=\"lazy\" class=\"alignnone size-large wp-image-315\" src=\"http:\/\/bestbuddies.de\/wp-content\/uploads\/2014\/05\/IMG_2136-1024x682.jpg\" alt=\"IMG_2136\" width=\"474\" height=\"315\" srcset=\"https:\/\/bestbuddies.de\/wp-content\/uploads\/2014\/05\/IMG_2136-1024x682.jpg 1024w, https:\/\/bestbuddies.de\/wp-content\/uploads\/2014\/05\/IMG_2136-300x199.jpg 300w\" sizes=\"(max-width: 474px) 100vw, 474px\" \/><\/a><\/p>\n<p><strong>Inklusion<\/strong><\/p>\n<p><a href=\"http:\/\/bestbuddies.de\/wp-content\/uploads\/2014\/05\/IMG_2216.jpg\"><img loading=\"lazy\" class=\"alignnone size-large wp-image-317\" src=\"http:\/\/bestbuddies.de\/wp-content\/uploads\/2014\/05\/IMG_2216-1024x682.jpg\" alt=\"IMG_2216\" width=\"474\" height=\"315\" srcset=\"https:\/\/bestbuddies.de\/wp-content\/uploads\/2014\/05\/IMG_2216-1024x682.jpg 1024w, https:\/\/bestbuddies.de\/wp-content\/uploads\/2014\/05\/IMG_2216-300x200.jpg 300w\" sizes=\"(max-width: 474px) 100vw, 474px\" \/><\/a><\/p>\n","protected":false},"excerpt":{"rendered":"<p>Definition: es sind immer wieder die Nichtfachleute mit Intelligenz, Weitblick \u00a0und gesundem \u00a0Menschenverstand, die Dinge klar und einfach auf den Punkt bringen k\u00f6nnen. \u00a0Folgende Inklusionsdefinition war in\u00a0der w\u00f6chentlichen Rubrik &#8222;Gewissensfrage&#8220; im Magazin der S\u00fcddeutschen Zeitung zu finden: &#8222;Ihre Frage dreht sich um Inklusion, im Grunde die Fortsetzung der Integration. W\u00e4hrend bei der Integration der Betroffene &hellip; <a href=\"https:\/\/bestbuddies.de\/?page_id=313\" class=\"more-link\"><span class=\"screen-reader-text\">Inklusion<\/span> weiterlesen <span class=\"meta-nav\">&rarr;<\/span><\/a><\/p>\n","protected":false},"author":3,"featured_media":0,"parent":0,"menu_order":0,"comment_status":"closed","ping_status":"closed","template":"","meta":[],"_links":{"self":[{"href":"https:\/\/bestbuddies.de\/index.php?rest_route=\/wp\/v2\/pages\/313"}],"collection":[{"href":"https:\/\/bestbuddies.de\/index.php?rest_route=\/wp\/v2\/pages"}],"about":[{"href":"https:\/\/bestbuddies.de\/index.php?rest_route=\/wp\/v2\/types\/page"}],"author":[{"embeddable":true,"href":"https:\/\/bestbuddies.de\/index.php?rest_route=\/wp\/v2\/users\/3"}],"replies":[{"embeddable":true,"href":"https:\/\/bestbuddies.de\/index.php?rest_route=%2Fwp%2Fv2%2Fcomments&post=313"}],"version-history":[{"count":5,"href":"https:\/\/bestbuddies.de\/index.php?rest_route=\/wp\/v2\/pages\/313\/revisions"}],"predecessor-version":[{"id":413,"href":"https:\/\/bestbuddies.de\/index.php?rest_route=\/wp\/v2\/pages\/313\/revisions\/413"}],"wp:attachment":[{"href":"https:\/\/bestbuddies.de\/index.php?rest_route=%2Fwp%2Fv2%2Fmedia&parent=313"}],"curies":[{"name":"wp","href":"https:\/\/api.w.org\/{rel}","templated":true}]}}