{"id":388,"date":"2014-11-04T05:46:54","date_gmt":"2014-11-04T04:46:54","guid":{"rendered":"http:\/\/bestbuddies.de\/?page_id=388"},"modified":"2014-11-04T13:54:23","modified_gmt":"2014-11-04T12:54:23","slug":"im-in-to-hire","status":"publish","type":"page","link":"https:\/\/bestbuddies.de\/?page_id=388","title":{"rendered":"I&#8217;m in to hire"},"content":{"rendered":"<p>Wir beraten Unternehmen, wie es m\u00f6glich ist, dass einzigartige Menschen mit besonderen F\u00e4higkeiten in einer normalen Firma mit Kollegen zusammenarbeiten k\u00f6nnen.<\/p>\n<p>Geistig- und lernbehinderte Menschen werden nicht aus karitativen Gr\u00fcnden besch\u00e4ftigt, sondern es ist eine unternehmerische Entscheidung, diese einzustellen. Unternehmen bekommen zuverl\u00e4ssige und loyale Mitarbeiter, die stolz auf ihren Arbeitsplatz sind und darauf, ihre Arbeitskraft einbringen zu k\u00f6nnen.<\/p>\n<p>I\u2019m in to hire ist eine weltweite Kampange von Best Buddies International, um geistig- und lernbehinderte Menschen in Arbeit zu bringen. Grundlage dieser Kampagne ist die Studie \u201cEmploying People with Intellectual and Developmental Disabilities\u201c des Institute for Corporate Productivity.<\/p>\n<p><iframe loading=\"lazy\" width=\"474\" height=\"267\" src=\"https:\/\/www.youtube.com\/embed\/9tV-1qEJKgk?feature=oembed\" frameborder=\"0\" allowfullscreen><\/iframe><\/p>\n<p>F\u00fcr weitere Informationen kontaktieren Sie bitte:<\/p>\n<p>Tim Thielicke<\/p>\n<p>Director Best Buddies Deutschland<\/p>\n<p>Ockersh\u00e4user Allee 17<\/p>\n<p>35037 Marburg<\/p>\n<p>+ 49 6421 16 89 258<\/p>\n<p>&#x69;n&#x66;&#111;&#x40;&#x62;e&#x73;&#116;&#x62;&#x75;d&#x64;&#105;&#x65;&#x73;.&#x64;&#101;<\/p>\n<p>www.imintohire.org<\/p>\n","protected":false},"excerpt":{"rendered":"<p>Wir beraten Unternehmen, wie es m\u00f6glich ist, dass einzigartige Menschen mit besonderen F\u00e4higkeiten in einer normalen Firma mit Kollegen zusammenarbeiten k\u00f6nnen. Geistig- und lernbehinderte Menschen werden nicht aus karitativen Gr\u00fcnden besch\u00e4ftigt, sondern es ist eine unternehmerische Entscheidung, diese einzustellen. Unternehmen bekommen zuverl\u00e4ssige und loyale Mitarbeiter, die stolz auf ihren Arbeitsplatz sind und darauf, ihre Arbeitskraft &hellip; <a href=\"https:\/\/bestbuddies.de\/?page_id=388\" class=\"more-link\"><span class=\"screen-reader-text\">I&#8217;m in to hire<\/span> weiterlesen <span class=\"meta-nav\">&rarr;<\/span><\/a><\/p>\n","protected":false},"author":3,"featured_media":160,"parent":0,"menu_order":0,"comment_status":"closed","ping_status":"closed","template":"","meta":[],"_links":{"self":[{"href":"https:\/\/bestbuddies.de\/index.php?rest_route=\/wp\/v2\/pages\/388"}],"collection":[{"href":"https:\/\/bestbuddies.de\/index.php?rest_route=\/wp\/v2\/pages"}],"about":[{"href":"https:\/\/bestbuddies.de\/index.php?rest_route=\/wp\/v2\/types\/page"}],"author":[{"embeddable":true,"href":"https:\/\/bestbuddies.de\/index.php?rest_route=\/wp\/v2\/users\/3"}],"replies":[{"embeddable":true,"href":"https:\/\/bestbuddies.de\/index.php?rest_route=%2Fwp%2Fv2%2Fcomments&post=388"}],"version-history":[{"count":10,"href":"https:\/\/bestbuddies.de\/index.php?rest_route=\/wp\/v2\/pages\/388\/revisions"}],"predecessor-version":[{"id":402,"href":"https:\/\/bestbuddies.de\/index.php?rest_route=\/wp\/v2\/pages\/388\/revisions\/402"}],"wp:featuredmedia":[{"embeddable":true,"href":"https:\/\/bestbuddies.de\/index.php?rest_route=\/wp\/v2\/media\/160"}],"wp:attachment":[{"href":"https:\/\/bestbuddies.de\/index.php?rest_route=%2Fwp%2Fv2%2Fmedia&parent=388"}],"curies":[{"name":"wp","href":"https:\/\/api.w.org\/{rel}","templated":true}]}}