{"id":75,"date":"2014-04-10T06:33:39","date_gmt":"2014-04-10T04:33:39","guid":{"rendered":"http:\/\/bestbuddies.de\/?page_id=75"},"modified":"2022-02-14T16:22:32","modified_gmt":"2022-02-14T15:22:32","slug":"botschafter","status":"publish","type":"page","link":"https:\/\/bestbuddies.de\/?page_id=75","title":{"rendered":"Botschafter"},"content":{"rendered":"<div><\/div>\n<div><em><strong>&#8222;Best Buddies ist genial \u2026 und einfach, einfach genial! Menschen, die gerne einmal etwas andere Kontakte haben m\u00f6chten, entdecken neue Lebens- und Erlebenswelten. Gemeinsam etwas zusammen tun, Spa\u00df haben oder sich auch mal tr\u00f6sten \u2026 ganz einfach gegenseitig Freund sein \u2013 das bietet Best Buddies. Weltweit anerkannt baut Best Buddies so Barrieren ab &#8211; in K\u00f6pfen und Herzen. Das ist Inklusion in Reinkultur.&#8220;<\/strong><\/em><\/div>\n<div><\/div>\n<div><a href=\"http:\/\/bestbuddies.de\/wp-content\/uploads\/2014\/04\/Bild-conrads_portr\u00e4t-sw.jpg\"><img loading=\"lazy\" class=\"alignnone size-medium wp-image-191\" src=\"http:\/\/bestbuddies.de\/wp-content\/uploads\/2014\/04\/Bild-conrads_portr\u00e4t-sw-246x300.jpg\" alt=\"Bild conrads_portr\u00e4t sw\" width=\"246\" height=\"300\" srcset=\"https:\/\/bestbuddies.de\/wp-content\/uploads\/2014\/04\/Bild-conrads_portr\u00e4t-sw-246x300.jpg 246w, https:\/\/bestbuddies.de\/wp-content\/uploads\/2014\/04\/Bild-conrads_portr\u00e4t-sw-840x1024.jpg 840w, https:\/\/bestbuddies.de\/wp-content\/uploads\/2014\/04\/Bild-conrads_portr\u00e4t-sw.jpg 1358w\" sizes=\"(max-width: 246px) 100vw, 246px\" \/><\/a><\/div>\n<div>Dr. Bernhard Conrads<\/div>\n<div>Initiator Best Buddies Deutschland<\/div>\n<div>Bundesgesch\u00e4ftsf\u00fchrer der Lebenshilfe i.R.<\/div>\n<div>\n<hr \/>\n<\/div>\n<p><em><strong>&#8222;Freundschaft kann man nicht lernen, aber leben. Ganz besondere Menschen, die Freunde suchen, findet man \u00fcber Best Buddies. Freundschaften zwischen Menschen mit und ohne Behinderung sind spannend, sind interessant, mal anregend, mal aufregend, mal lockerer, mal enger, mal k\u00fcrzer, mal lebenslang &#8211;\u00a0wie bei jeder Freundschaft aber immer eine Bereicherung f\u00fcr&#8217;s Leben.&#8220;<\/strong><\/em><\/p>\n<p><a href=\"http:\/\/bestbuddies.de\/wp-content\/uploads\/2015\/08\/kleinDSC_0264-X-SW.jpg\"><img loading=\"lazy\" class=\"alignnone wp-image-432\" src=\"http:\/\/bestbuddies.de\/wp-content\/uploads\/2015\/08\/kleinDSC_0264-X-SW.jpg\" alt=\"kleinDSC_0264 X-SW\" width=\"213\" height=\"299\" srcset=\"https:\/\/bestbuddies.de\/wp-content\/uploads\/2015\/08\/kleinDSC_0264-X-SW.jpg 360w, https:\/\/bestbuddies.de\/wp-content\/uploads\/2015\/08\/kleinDSC_0264-X-SW-214x300.jpg 214w\" sizes=\"(max-width: 213px) 100vw, 213px\" \/><\/a><\/p>\n<p>Tim Thielicke<br \/>\nDirector Best Buddies Deutschland<br \/>\nGesch\u00e4ftsf\u00fchrer spectrum e.V.<\/p>\n<hr \/>\n","protected":false},"excerpt":{"rendered":"<p>&#8222;Best Buddies ist genial \u2026 und einfach, einfach genial! Menschen, die gerne einmal etwas andere Kontakte haben m\u00f6chten, entdecken neue Lebens- und Erlebenswelten. Gemeinsam etwas zusammen tun, Spa\u00df haben oder sich auch mal tr\u00f6sten \u2026 ganz einfach gegenseitig Freund sein \u2013 das bietet Best Buddies. Weltweit anerkannt baut Best Buddies so Barrieren ab &#8211; in &hellip; <a href=\"https:\/\/bestbuddies.de\/?page_id=75\" class=\"more-link\"><span class=\"screen-reader-text\">Botschafter<\/span> weiterlesen <span class=\"meta-nav\">&rarr;<\/span><\/a><\/p>\n","protected":false},"author":1,"featured_media":190,"parent":0,"menu_order":0,"comment_status":"closed","ping_status":"closed","template":"page-templates\/full-width.php","meta":[],"_links":{"self":[{"href":"https:\/\/bestbuddies.de\/index.php?rest_route=\/wp\/v2\/pages\/75"}],"collection":[{"href":"https:\/\/bestbuddies.de\/index.php?rest_route=\/wp\/v2\/pages"}],"about":[{"href":"https:\/\/bestbuddies.de\/index.php?rest_route=\/wp\/v2\/types\/page"}],"author":[{"embeddable":true,"href":"https:\/\/bestbuddies.de\/index.php?rest_route=\/wp\/v2\/users\/1"}],"replies":[{"embeddable":true,"href":"https:\/\/bestbuddies.de\/index.php?rest_route=%2Fwp%2Fv2%2Fcomments&post=75"}],"version-history":[{"count":24,"href":"https:\/\/bestbuddies.de\/index.php?rest_route=\/wp\/v2\/pages\/75\/revisions"}],"predecessor-version":[{"id":440,"href":"https:\/\/bestbuddies.de\/index.php?rest_route=\/wp\/v2\/pages\/75\/revisions\/440"}],"wp:featuredmedia":[{"embeddable":true,"href":"https:\/\/bestbuddies.de\/index.php?rest_route=\/wp\/v2\/media\/190"}],"wp:attachment":[{"href":"https:\/\/bestbuddies.de\/index.php?rest_route=%2Fwp%2Fv2%2Fmedia&parent=75"}],"curies":[{"name":"wp","href":"https:\/\/api.w.org\/{rel}","templated":true}]}}