{"id":8,"date":"2014-04-12T14:40:21","date_gmt":"2014-04-12T12:40:21","guid":{"rendered":"http:\/\/bestbuddies.de\/?page_id=8"},"modified":"2014-04-18T18:35:46","modified_gmt":"2014-04-18T16:35:46","slug":"ueber-bb","status":"publish","type":"page","link":"https:\/\/bestbuddies.de\/?page_id=8","title":{"rendered":"Entstehung"},"content":{"rendered":"<p>Gr\u00fcnder und Vorsitzender von Best Buddies International ist Anthony Kennedy Shriver, der die Organisation 1989 an der Georgetown University in Washington gr\u00fcndete.<\/p>\n<p>Bereits w\u00e4hrend seiner Studienzeiten entwickelte Anthony Kennedy Shriver die Idee zu Best Buddies, weil ihm deutlich war, dass Menschen mit geistiger Behinderung ohne Unterst\u00fctzung nicht die gleichen M\u00f6glichkeiten haben, soziale Kontakte aufzubauen wie Menschen ohne Behinderung.<\/p>\n<p>Die positive Kraft, die Freundschaften f\u00fcr das Selbstbewusstsein, die Lebensfreude und die soziale Kompetenz von Menschen bewirken k\u00f6nnen, sollten auch Menschen mit geistiger Behinderung er\u00f6ffnet werden.<\/p>\n<p>Seine Inspiration, diese beiden Gruppen \u2013 Menschen mit geistiger Behinderung und Menschen ohne Behinderung &#8211; zusammenzubringen, bildete den Grundstein f\u00fcr das Konzept von Best Buddies. Gemeinsam mit seinem Kommilitonen, John, der das Down-Syndrom hat, gr\u00fcndete Anthony das Netzwerk Best Buddies an der Georgetown University.<\/p>\n<p>Das Ziel von Best Buddies ist gleichzeitig Mission: Es sollen Freundschaften zwischen Menschen mit und ohne geistige Behinderung gef\u00f6rdert werden. Mittlerweile engagieren sich bereits \u00fcber 700.000 Menschen aus der ganzen Welt f\u00fcr Best Buddies und es werden hoffentlich noch viel mehr.<\/p>\n<p>Best Buddies ist mittlerweile in 50 Staaten der USA aktiv und hat weltweit in mehr als 50 L\u00e4ndern internationale Programme z.B. in \u00c4gypten, Australien, Brasilien, Ecuador, England, Ghana, Hongkong, Irland, Kanada, Kenia, Kuba, Mexiko, Neuseeland, den Niederlanden, den Philippinen, Saudi-Arabien, Schottland, Schweden, Singapur, Spanien, Tansania, Thailand und seit Sommer 2013 auch wieder in Deutschland.<\/p>\n","protected":false},"excerpt":{"rendered":"<p>Gr\u00fcnder und Vorsitzender von Best Buddies International ist Anthony Kennedy Shriver, der die Organisation 1989 an der Georgetown University in Washington gr\u00fcndete. Bereits w\u00e4hrend seiner Studienzeiten entwickelte Anthony Kennedy Shriver die Idee zu Best Buddies, weil ihm deutlich war, dass Menschen mit geistiger Behinderung ohne Unterst\u00fctzung nicht die gleichen M\u00f6glichkeiten haben, soziale Kontakte aufzubauen wie &hellip; <a href=\"https:\/\/bestbuddies.de\/?page_id=8\" class=\"more-link\"><span class=\"screen-reader-text\">Entstehung<\/span> weiterlesen <span class=\"meta-nav\">&rarr;<\/span><\/a><\/p>\n","protected":false},"author":1,"featured_media":0,"parent":0,"menu_order":0,"comment_status":"closed","ping_status":"closed","template":"","meta":[],"_links":{"self":[{"href":"https:\/\/bestbuddies.de\/index.php?rest_route=\/wp\/v2\/pages\/8"}],"collection":[{"href":"https:\/\/bestbuddies.de\/index.php?rest_route=\/wp\/v2\/pages"}],"about":[{"href":"https:\/\/bestbuddies.de\/index.php?rest_route=\/wp\/v2\/types\/page"}],"author":[{"embeddable":true,"href":"https:\/\/bestbuddies.de\/index.php?rest_route=\/wp\/v2\/users\/1"}],"replies":[{"embeddable":true,"href":"https:\/\/bestbuddies.de\/index.php?rest_route=%2Fwp%2Fv2%2Fcomments&post=8"}],"version-history":[{"count":5,"href":"https:\/\/bestbuddies.de\/index.php?rest_route=\/wp\/v2\/pages\/8\/revisions"}],"predecessor-version":[{"id":88,"href":"https:\/\/bestbuddies.de\/index.php?rest_route=\/wp\/v2\/pages\/8\/revisions\/88"}],"wp:attachment":[{"href":"https:\/\/bestbuddies.de\/index.php?rest_route=%2Fwp%2Fv2%2Fmedia&parent=8"}],"curies":[{"name":"wp","href":"https:\/\/api.w.org\/{rel}","templated":true}]}}